{"id":2217,"date":"2023-09-26T15:38:54","date_gmt":"2023-09-26T13:38:54","guid":{"rendered":"https:\/\/www.camping-eskualduna.fr\/camping-eco-responsable-a-hendaye\/"},"modified":"2023-09-26T15:38:55","modified_gmt":"2023-09-26T13:38:55","slug":"camping-eco-responsable-a-hendaye","status":"publish","type":"page","link":"https:\/\/www.camping-eskualduna.fr\/es\/camping-eco-responsable-a-hendaye\/","title":{"rendered":"Camping ecol\u00f3gico en Hendaya"},"content":{"rendered":"\n<p><strong>Camping Clef Verte ESKUALDUNA<\/strong> se complace en darle la bienvenida para su estancia.<br\/>Desde hace varios a\u00f1os, prestamos especial atenci\u00f3n al respeto del medio ambiente.<br\/>Por nosotros, por usted y por las generaciones futuras, hemos dise\u00f1ado el camping para minimizar su impacto medioambiental. As\u00ed que..:<\/p>\n\n<ul><li>La electricidad consumida en nuestro establecimiento es 100% renovable.<\/li><li>Siempre que ha sido posible, hemos instalado economizadores para evitar el derroche de agua.<\/li><li>Utilizamos bombillas de bajo consumo y gestionamos la iluminaci\u00f3n con controles autom\u00e1ticos.<\/li><li>Hemos creado un centro de recogida de residuos para la clasificaci\u00f3n selectiva.<\/li><li>Todos los meses leemos nuestros contadores de agua y electricidad para gestionar mejor el consumo.<\/li><li>Cada a\u00f1o plantamos m\u00e1s de 350 \u00e1rboles y arbustos.<\/li><li>No utilizamos pesticidas qu\u00edmicos.<\/li><li>Nos desplazamos por el camping en veh\u00edculos el\u00e9ctricos.<\/li><li>Estamos financiando un autob\u00fas lanzadera para ofrecerle transporte p\u00fablico gratuito a las playas.<\/li><\/ul>\n<p><strong>Todo el equipo est\u00e1 a su disposici\u00f3n para explicarle nuestro enfoque ecol\u00f3gico.  <\/strong>Por ello le invitamos a participar en este esfuerzo colectivo adoptando los siguientes reflejos:<\/p>\n\n<ul><li>Recuerde cerrar las puertas y ventanas de las <a href=\"https:\/\/www.camping-eskualduna.fr\/es\/alquileres\/\" data-type=\"page\" data-id=\"556\">casas m\u00f3viles<\/a> si la calefacci\u00f3n est\u00e1 encendida.<\/li><li>Recuerda apagar las luces cuando no est\u00e9s en casa.<\/li><li>Ahorrar agua, evitar el despilfarro.<\/li><li>Acu\u00e9rdate de separar la basura.<\/li><li>Respeta la flora y la fauna del parque.<\/li><li>No tires toallas ni toallitas por el retrete.<\/li><li>Aproveche las vacaciones para limitar sus desplazamientos en coche y utilice los transportes p\u00fablicos a su disposici\u00f3n.<\/li><\/ul>","protected":false},"excerpt":{"rendered":"<p>Camping Clef Verte ESKUALDUNA se complace en darle la bienvenida para su estancia.Desde hace varios a\u00f1os, prestamos especial atenci\u00f3n al respeto del medio ambiente.Por nosotros, por usted y por las generaciones futuras, hemos dise\u00f1ado el camping para minimizar su impacto medioambiental. As\u00ed que..: La electricidad consumida en nuestro establecimiento es 100% renovable. Siempre que ha [&hellip;]<\/p>\n","protected":false},"author":1,"featured_media":0,"parent":0,"menu_order":0,"comment_status":"closed","ping_status":"closed","template":"","meta":[],"acf":[],"_links":{"self":[{"href":"https:\/\/www.camping-eskualduna.fr\/es\/wp-json\/wp\/v2\/pages\/2217"}],"collection":[{"href":"https:\/\/www.camping-eskualduna.fr\/es\/wp-json\/wp\/v2\/pages"}],"about":[{"href":"https:\/\/www.camping-eskualduna.fr\/es\/wp-json\/wp\/v2\/types\/page"}],"author":[{"embeddable":true,"href":"https:\/\/www.camping-eskualduna.fr\/es\/wp-json\/wp\/v2\/users\/1"}],"replies":[{"embeddable":true,"href":"https:\/\/www.camping-eskualduna.fr\/es\/wp-json\/wp\/v2\/comments?post=2217"}],"version-history":[{"count":3,"href":"https:\/\/www.camping-eskualduna.fr\/es\/wp-json\/wp\/v2\/pages\/2217\/revisions"}],"predecessor-version":[{"id":2220,"href":"https:\/\/www.camping-eskualduna.fr\/es\/wp-json\/wp\/v2\/pages\/2217\/revisions\/2220"}],"wp:attachment":[{"href":"https:\/\/www.camping-eskualduna.fr\/es\/wp-json\/wp\/v2\/media?parent=2217"}],"curies":[{"name":"wp","href":"https:\/\/api.w.org\/{rel}","templated":true}]}}