{"id":2246,"date":"2023-09-26T15:43:09","date_gmt":"2023-09-26T13:43:09","guid":{"rendered":"https:\/\/www.camping-eskualduna.fr\/zona-acuatica\/"},"modified":"2023-12-04T10:41:46","modified_gmt":"2023-12-04T09:41:46","slug":"zona-acuatica","status":"publish","type":"page","link":"https:\/\/www.camping-eskualduna.fr\/es\/zona-acuatica\/","title":{"rendered":"Zona acu\u00e1tica"},"content":{"rendered":"\n<div class=\"wp-block-cover alignfull is-light\"><span aria-hidden=\"true\" class=\"wp-block-cover__gradient-background has-background-dim\"><\/span><img width=\"1701\" height=\"1001\" class=\"wp-block-cover__image-background wp-image-1312\" alt=\"\" src=\"https:\/\/www.camping-eskualduna.fr\/wp-content\/uploads\/2023\/05\/piscine1.jpg\" data-object-fit=\"cover\" srcset=\"https:\/\/www.camping-eskualduna.fr\/wp-content\/uploads\/2023\/05\/piscine1.jpg 1701w, https:\/\/www.camping-eskualduna.fr\/wp-content\/uploads\/2023\/05\/piscine1-300x177.jpg 300w, https:\/\/www.camping-eskualduna.fr\/wp-content\/uploads\/2023\/05\/piscine1-1024x603.jpg 1024w, https:\/\/www.camping-eskualduna.fr\/wp-content\/uploads\/2023\/05\/piscine1-768x452.jpg 768w, https:\/\/www.camping-eskualduna.fr\/wp-content\/uploads\/2023\/05\/piscine1-1536x904.jpg 1536w\" sizes=\"(max-width: 1701px) 100vw, 1701px\" \/><div class=\"wp-block-cover__inner-container\">\n<h1 class=\"has-text-align-center\" id=\"camping-pays-basque-avec-parc-aquatique-a-hendaye\">Camping Pays Basque con parque acu\u00e1tico en Hendaya<\/h1>\n<\/div><\/div>\n\n\n\n<div class=\"wp-block-columns are-vertically-aligned-bottom resp-inter\">\n<div class=\"wp-block-column is-vertically-aligned-bottom\">\n<p class=\"h2\"><em>Reserve sus vacaciones<\/em> en un camping con piscina y toboganes acu\u00e1ticos<\/p>\n\n\n\n<p>\u00bfLe gustar\u00eda disfrutar de un <strong>camping en el Pa\u00eds Vasco con parque acu\u00e1tico<\/strong>?<\/p>\n\n\n\n<p>En el <strong>camping Eskualduna de Hendaya<\/strong>, encontrar\u00e1 un amplio<strong>espacio acu\u00e1tico a dos pasos del mar<\/strong>. As\u00ed podr\u00e1 disfrutar del ba\u00f1o a cualquier hora del d\u00eda.<\/p>\n<\/div>\n\n\n\n<div class=\"wp-block-column is-vertically-aligned-bottom auto\">\n<ul class=\"pictos\"><li><i class=\"fal fa-water-ladder\"><\/i>  Parque acu\u00e1tico<\/li><li><i class=\"fal fa-water\"><\/i>  R\u00edo y toboganes<\/li><li><i class=\"fal fa-water-arrow-down\"><\/i>  Piscina infantil y piscinas<\/li><li><i class=\"fal fa-umbrella-beach\"><\/i>  Solarium y relajaci\u00f3n<\/li><\/ul>\n\n\n\n<div class=\"wp-container-69e3427c40983 wp-block-buttons\">\n<div class=\"wp-block-button btn_resa\"><a class=\"wp-block-button__link\">Reserve ahora<\/a><\/div>\n<\/div>\n<\/div>\n<\/div>\n\n\n\n<div class=\"wp-block-columns alignfull reverse-mob has-vert-fonce-background-color has-background\">\n<div class=\"wp-block-column\">\n<h2 id=\"camping-au-pays-basque-avec-piscine-et-toboggans\"><em>Camping en el Pa\u00eds Vasco<\/em> con piscina y toboganes acu\u00e1ticos<\/h2>\n\n\n\n<p>Venga a disfrutar del ba\u00f1o en familia en nuestro <strong>camping Pays<\/strong> Basque con <strong>parque acu\u00e1tico<\/strong>, en <a href=\"https:\/\/www.camping-eskualduna.fr\/es\/alentours\/hendaye\/\" data-type=\"URL\" data-id=\"https:\/\/www.camping-eskualduna.fr\/es\/alentours\/hendaye\/\">Hendaya<\/a>. Su <strong>Camping Village Eskualduna<\/strong> se transforma y le ofrece una magn\u00edfica <strong>zona de piscina<\/strong> <strong>de 2000 m\u00b2<\/strong> para que sus vacaciones sean un \u00e9xito al 100%.<\/p>\n\n\n\n<div class=\"wp-block-group lire-plus-mobile\"><div class=\"wp-block-group__inner-container\">\n<p>Seguir leyendo<\/p>\n\n\n\n<div class=\"wp-container-69e3427c40d31 wp-block-group\"><div class=\"wp-block-group__inner-container\">\n<p>Sum\u00e9rjase en un mundo de relajaci\u00f3n, donde encontrar\u00e1 un completo cambio de aires durante su estancia en un <strong>camping del Pa\u00eds Vasco con piscina<\/strong>.<\/p>\n\n\n\n<p><strong>2000 m\u00b2 de diversi\u00f3n en la Costa Vasca, en uno de los parques acu\u00e1ticos de camping m\u00e1s bonitos del Pa\u00eds Vasco<\/strong><\/p>\n\n\n\n<p>Por razones de seguridad, los menores de 12 a\u00f1os deben ir acompa\u00f1ados de un adulto.<\/p>\n<\/div><\/div>\n<\/div><\/div>\n<\/div>\n\n\n\n<div class=\"wp-block-column mg-left\">\n<figure class=\"wp-block-image size-large\"><img width=\"1024\" height=\"603\" src=\"https:\/\/www.camping-eskualduna.fr\/wp-content\/uploads\/2023\/05\/piscine2-1024x603.jpg\" alt=\"\" class=\"wp-image-1318\" srcset=\"https:\/\/www.camping-eskualduna.fr\/wp-content\/uploads\/2023\/05\/piscine2-1024x603.jpg 1024w, https:\/\/www.camping-eskualduna.fr\/wp-content\/uploads\/2023\/05\/piscine2-300x177.jpg 300w, https:\/\/www.camping-eskualduna.fr\/wp-content\/uploads\/2023\/05\/piscine2-768x452.jpg 768w, https:\/\/www.camping-eskualduna.fr\/wp-content\/uploads\/2023\/05\/piscine2-1536x904.jpg 1536w, https:\/\/www.camping-eskualduna.fr\/wp-content\/uploads\/2023\/05\/piscine2.jpg 1701w\" sizes=\"(max-width: 1024px) 100vw, 1024px\" \/><\/figure>\n<\/div>\n<\/div>\n\n\n\n<div class=\"wp-container-69e3427c4110e wp-block-group alignfull has-fond-background-color has-background\"><div class=\"wp-block-group__inner-container\">\n<p class=\"has-text-align-center h2\"><em>Aproveche de sus vacaciones de<\/em> camping con un parque acu\u00e1tico<\/p>\n\n\n\n<p class=\"has-text-align-center\">La <strong>piscina del Camping Eskualduna de 4 estrellas<\/strong> es un para\u00edso acu\u00e1tico para toda la familia:<\/p>\n\n\n\n<ul class=\"pictos centre col-4\"><li><i class=\"fal fa-child\"><\/i>  Piscina infantil<\/li><li><i class=\"fal fa-person-swimming\"><\/i>  Piscina<\/li><li><i class=\"fal fa-fish\"><\/i>  R\u00edo contra corriente<\/li><li><i class=\"fal fa-water\"><\/i>  Laguna<\/li><li><i class=\"fal fa-sprinkler\"><\/i>  Chorros de masaje<\/li><li><i class=\"fal fa-person-sledding\"><\/i>  4 toboganes exteriores<\/li><li><i class=\"fal fa-universal-access\"><\/i>  Accesibilidad para PMR con aparato de lanzamiento adaptado<\/li><li><i class=\"fal fa-umbrella-beach\"><\/i>  Solarium<\/li><\/ul>\n<\/div><\/div>\n\n\n\n<div class=\"wp-block-columns alignfull\">\n<div class=\"wp-block-column\">\n<figure class=\"wp-block-gallery has-nested-images columns-default is-cropped diaporama--1\">\n<figure class=\"wp-block-image size-large\"><img width=\"1024\" height=\"603\" src=\"https:\/\/www.camping-eskualduna.fr\/wp-content\/uploads\/2023\/05\/piscine8-1024x603.jpg\" alt=\"\" class=\"wp-image-1333\" srcset=\"https:\/\/www.camping-eskualduna.fr\/wp-content\/uploads\/2023\/05\/piscine8-1024x603.jpg 1024w, https:\/\/www.camping-eskualduna.fr\/wp-content\/uploads\/2023\/05\/piscine8-300x177.jpg 300w, https:\/\/www.camping-eskualduna.fr\/wp-content\/uploads\/2023\/05\/piscine8-768x452.jpg 768w, https:\/\/www.camping-eskualduna.fr\/wp-content\/uploads\/2023\/05\/piscine8-1536x904.jpg 1536w, https:\/\/www.camping-eskualduna.fr\/wp-content\/uploads\/2023\/05\/piscine8.jpg 1701w\" sizes=\"(max-width: 1024px) 100vw, 1024px\" \/><\/figure>\n\n\n\n<figure class=\"wp-block-image size-large\"><img width=\"1701\" height=\"1001\" src=\"https:\/\/www.camping-eskualduna.fr\/wp-content\/uploads\/2023\/05\/piscine10.jpg\" alt=\"\" class=\"wp-image-1337\" srcset=\"https:\/\/www.camping-eskualduna.fr\/wp-content\/uploads\/2023\/05\/piscine10.jpg 1701w, https:\/\/www.camping-eskualduna.fr\/wp-content\/uploads\/2023\/05\/piscine10-300x177.jpg 300w, https:\/\/www.camping-eskualduna.fr\/wp-content\/uploads\/2023\/05\/piscine10-1024x603.jpg 1024w, https:\/\/www.camping-eskualduna.fr\/wp-content\/uploads\/2023\/05\/piscine10-768x452.jpg 768w, https:\/\/www.camping-eskualduna.fr\/wp-content\/uploads\/2023\/05\/piscine10-1536x904.jpg 1536w\" sizes=\"(max-width: 1701px) 100vw, 1701px\" \/><\/figure>\n\n\n\n<figure class=\"wp-block-image size-large\"><img width=\"1701\" height=\"1001\" src=\"https:\/\/www.camping-eskualduna.fr\/wp-content\/uploads\/2023\/05\/piscine9-1.jpg\" alt=\"\" class=\"wp-image-1336\" srcset=\"https:\/\/www.camping-eskualduna.fr\/wp-content\/uploads\/2023\/05\/piscine9-1.jpg 1701w, https:\/\/www.camping-eskualduna.fr\/wp-content\/uploads\/2023\/05\/piscine9-1-300x177.jpg 300w, https:\/\/www.camping-eskualduna.fr\/wp-content\/uploads\/2023\/05\/piscine9-1-1024x603.jpg 1024w, https:\/\/www.camping-eskualduna.fr\/wp-content\/uploads\/2023\/05\/piscine9-1-768x452.jpg 768w, https:\/\/www.camping-eskualduna.fr\/wp-content\/uploads\/2023\/05\/piscine9-1-1536x904.jpg 1536w\" sizes=\"(max-width: 1701px) 100vw, 1701px\" \/><\/figure>\n\n\n\n<figure class=\"wp-block-image size-large\"><img width=\"1701\" height=\"1001\" src=\"https:\/\/www.camping-eskualduna.fr\/wp-content\/uploads\/2023\/05\/piscine3.jpg\" alt=\"\" class=\"wp-image-1359\" srcset=\"https:\/\/www.camping-eskualduna.fr\/wp-content\/uploads\/2023\/05\/piscine3.jpg 1701w, https:\/\/www.camping-eskualduna.fr\/wp-content\/uploads\/2023\/05\/piscine3-300x177.jpg 300w, https:\/\/www.camping-eskualduna.fr\/wp-content\/uploads\/2023\/05\/piscine3-1024x603.jpg 1024w, https:\/\/www.camping-eskualduna.fr\/wp-content\/uploads\/2023\/05\/piscine3-768x452.jpg 768w, https:\/\/www.camping-eskualduna.fr\/wp-content\/uploads\/2023\/05\/piscine3-1536x904.jpg 1536w\" sizes=\"(max-width: 1701px) 100vw, 1701px\" \/><\/figure>\n<\/figure>\n<\/div>\n\n\n\n<div class=\"wp-block-column\">\n<h2 id=\"camping-a-hendaye-avec-piscine-chauffee-et-surveillee\"><em>Camping Hendaya<\/em> con piscina climatizada y vigilada<\/h2>\n\n\n\n<p>Descubra un <strong>parque acu\u00e1tico excepcional en Hendaya<\/strong>, en pleno coraz\u00f3n de nuestro <strong>camping 4 estrellas de la Costa Vasca<\/strong>. \u00a1Un lugar \u00fanico y m\u00e1gico! Para que grandes y peque\u00f1os puedan disfrutar en familia de los placeres del agua, ponemos a su disposici\u00f3n una amplia zona de piscina de <strong>2.000 m\u00b2<\/strong>, que le ofrece una gran superficie para nadar y relajarse.<\/p>\n\n\n\n<div class=\"wp-block-group lire-plus-mobile\"><div class=\"wp-block-group__inner-container\">\n<p>Seguir leyendo<\/p>\n\n\n\n<div class=\"wp-container-69e3427c41543 wp-block-group\"><div class=\"wp-block-group__inner-container\">\n<p>Tambi\u00e9n puede aprovechar nuestras sesiones de aquagym con nuestros animadores y muchas otras <a href=\"https:\/\/www.camping-eskualduna.fr\/es\/actividades\/\" data-type=\"page\" data-id=\"562\">actividades para toda la familia<\/a>.<\/p>\n\n\n\n<p><strong>4 toboganes <\/strong>har\u00e1n las delicias de los m\u00e1s atrevidos para descensos locos con total seguridad. El<strong> parque acu\u00e1tico est\u00e1 supervisado por socorristas cualificados por el Estado<\/strong>. Disfrute del parque acu\u00e1tico con sus hijos<\/p>\n\n\n\n<p>La <strong>piscina est\u00e1 abierta de mediados de mayo a mediados de septiembre<\/strong>.<br>Del 1 de julio al 31 de agosto, las piscinas abren de 9.30 a 19.30 horas.<br>Fuera de estas fechas, el parque acu\u00e1tico s\u00f3lo abre por las tardes, dependiendo del tiempo.<\/p>\n<\/div><\/div>\n<\/div><\/div>\n<\/div>\n<\/div>\n\n\n\n<div class=\"wp-container-69e3427c41c8a wp-block-group alignfull masquer has-vert-fonce-background-color has-background\"><div class=\"wp-block-group__inner-container\">\n<h2 class=\"has-text-align-center\" id=\"le-plein-d-activites-aquatiques-et-remise-en-forme-durant-vos-vacances\"><em>Un sinf\u00edn de actividades acu\u00e1ticas<\/em> y de fitness durante sus vacaciones<\/h2>\n\n\n\n<div class=\"wp-block-columns are-vertically-aligned-center\">\n<div class=\"wp-block-column is-vertically-aligned-center\">\n<p>Todo lo que necesita para <strong>pasar unas vacaciones inolvidables en la Costa Vasca<\/strong>. Sum\u00e9rjase o rel\u00e1jese con los pies en el agua, a dos pasos de su <a href=\"https:\/\/www.camping-eskualduna.fr\/es\/ubicacion-camping-hendaye\/\" data-type=\"page\" data-id=\"558\">parcela<\/a> o <a href=\"https:\/\/www.camping-eskualduna.fr\/es\/alquileres\/\">alojamiento de alquiler<\/a>. El Parque Acu\u00e1tico de nuestro <strong>camping en el Pa\u00eds<\/strong> Vasco con piscina le ofrece una experiencia \u00fanica y m\u00e1gica <strong>bajo el sol del suroeste<\/strong>. Hemos pensado en todo para complacer a las familias y a los entusiastas del deporte con nuestras <strong>clases de Aquagym<\/strong>.<\/p>\n<\/div>\n\n\n\n<div class=\"wp-block-column is-vertically-aligned-center auto\">\n<div class=\"wp-block-group lire-plus-mobile\"><div class=\"wp-block-group__inner-container\">\n<p>Seguir leyendo<\/p>\n\n\n\n<div class=\"wp-container-69e3427c418fc wp-block-group\"><div class=\"wp-block-group__inner-container\">\n<h3 id=\"informations-pratiques\">Informaci\u00f3n pr\u00e1ctica :<\/h3>\n\n\n\n<ul><li><strong>Piscina supervisada por un socorrista cualificado por el Estado<\/strong><\/li><li><strong>Los pantalones cortos no est\u00e1n permitidos en la piscina.<\/strong><\/li><li><strong>Es obligatorio llevar ba\u00f1ador de lycra.<\/strong><\/li><\/ul>\n<\/div><\/div>\n<\/div><\/div>\n<\/div>\n<\/div>\n\n\n\n<figure class=\"wp-block-gallery has-nested-images columns-4 is-cropped gal--points diaporama-mob\">\n<figure class=\"wp-block-image size-full\"><img width=\"1701\" height=\"1001\" src=\"https:\/\/www.camping-eskualduna.fr\/wp-content\/uploads\/2023\/05\/piscine4.jpg\" alt=\"\" class=\"wp-image-1321\" srcset=\"https:\/\/www.camping-eskualduna.fr\/wp-content\/uploads\/2023\/05\/piscine4.jpg 1701w, https:\/\/www.camping-eskualduna.fr\/wp-content\/uploads\/2023\/05\/piscine4-300x177.jpg 300w, https:\/\/www.camping-eskualduna.fr\/wp-content\/uploads\/2023\/05\/piscine4-1024x603.jpg 1024w, https:\/\/www.camping-eskualduna.fr\/wp-content\/uploads\/2023\/05\/piscine4-768x452.jpg 768w, https:\/\/www.camping-eskualduna.fr\/wp-content\/uploads\/2023\/05\/piscine4-1536x904.jpg 1536w\" sizes=\"(max-width: 1701px) 100vw, 1701px\" \/><figcaption><i class=\"fal fa-person-sledding\"><\/i>  4 toboganes acu\u00e1ticos<\/figcaption><\/figure>\n\n\n\n<figure class=\"wp-block-image size-full\"><img width=\"1280\" height=\"1920\" src=\"https:\/\/www.camping-eskualduna.fr\/wp-content\/uploads\/2023\/05\/toucan.jpg\" alt=\"\" class=\"wp-image-1327\" srcset=\"https:\/\/www.camping-eskualduna.fr\/wp-content\/uploads\/2023\/05\/toucan.jpg 1280w, https:\/\/www.camping-eskualduna.fr\/wp-content\/uploads\/2023\/05\/toucan-200x300.jpg 200w, https:\/\/www.camping-eskualduna.fr\/wp-content\/uploads\/2023\/05\/toucan-683x1024.jpg 683w, https:\/\/www.camping-eskualduna.fr\/wp-content\/uploads\/2023\/05\/toucan-768x1152.jpg 768w, https:\/\/www.camping-eskualduna.fr\/wp-content\/uploads\/2023\/05\/toucan-1024x1536.jpg 1024w\" sizes=\"(max-width: 1280px) 100vw, 1280px\" \/><figcaption><i class=\"fal fa-water-ladder\"><\/i>  Piscina infantil con juegos para ni\u00f1os<\/figcaption><\/figure>\n\n\n\n<figure class=\"wp-block-image size-large\"><img width=\"1024\" height=\"520\" src=\"https:\/\/www.camping-eskualduna.fr\/wp-content\/uploads\/2023\/05\/piscine5-e1683795293792-1024x520.jpg\" alt=\"\" class=\"wp-image-1324\" srcset=\"https:\/\/www.camping-eskualduna.fr\/wp-content\/uploads\/2023\/05\/piscine5-e1683795293792-1024x520.jpg 1024w, https:\/\/www.camping-eskualduna.fr\/wp-content\/uploads\/2023\/05\/piscine5-e1683795293792-300x152.jpg 300w, https:\/\/www.camping-eskualduna.fr\/wp-content\/uploads\/2023\/05\/piscine5-e1683795293792-768x390.jpg 768w, https:\/\/www.camping-eskualduna.fr\/wp-content\/uploads\/2023\/05\/piscine5-e1683795293792-1536x779.jpg 1536w, https:\/\/www.camping-eskualduna.fr\/wp-content\/uploads\/2023\/05\/piscine5-e1683795293792.jpg 1701w\" sizes=\"(max-width: 1024px) 100vw, 1024px\" \/><figcaption><i class=\"fal fa-stars\"><\/i>  Aquagym en la piscina<\/figcaption><\/figure>\n<\/figure>\n<\/div><\/div>\n","protected":false},"excerpt":{"rendered":"<p>Reserve sus vacaciones en un camping con piscina y toboganes acu\u00e1ticos \u00bfLe gustar\u00eda disfrutar de un camping en el Pa\u00eds Vasco con parque acu\u00e1tico? En el camping Eskualduna de Hendaya, encontrar\u00e1 un amplioespacio acu\u00e1tico a dos pasos del mar. As\u00ed podr\u00e1 disfrutar del ba\u00f1o a cualquier hora del d\u00eda. Parque acu\u00e1tico R\u00edo y toboganes Piscina [&hellip;]<\/p>\n","protected":false},"author":1,"featured_media":0,"parent":0,"menu_order":0,"comment_status":"closed","ping_status":"closed","template":"","meta":[],"acf":[],"_links":{"self":[{"href":"https:\/\/www.camping-eskualduna.fr\/es\/wp-json\/wp\/v2\/pages\/2246"}],"collection":[{"href":"https:\/\/www.camping-eskualduna.fr\/es\/wp-json\/wp\/v2\/pages"}],"about":[{"href":"https:\/\/www.camping-eskualduna.fr\/es\/wp-json\/wp\/v2\/types\/page"}],"author":[{"embeddable":true,"href":"https:\/\/www.camping-eskualduna.fr\/es\/wp-json\/wp\/v2\/users\/1"}],"replies":[{"embeddable":true,"href":"https:\/\/www.camping-eskualduna.fr\/es\/wp-json\/wp\/v2\/comments?post=2246"}],"version-history":[{"count":6,"href":"https:\/\/www.camping-eskualduna.fr\/es\/wp-json\/wp\/v2\/pages\/2246\/revisions"}],"predecessor-version":[{"id":2822,"href":"https:\/\/www.camping-eskualduna.fr\/es\/wp-json\/wp\/v2\/pages\/2246\/revisions\/2822"}],"wp:attachment":[{"href":"https:\/\/www.camping-eskualduna.fr\/es\/wp-json\/wp\/v2\/media?parent=2246"}],"curies":[{"name":"wp","href":"https:\/\/api.w.org\/{rel}","templated":true}]}}