{"id":2270,"date":"2023-09-26T15:48:23","date_gmt":"2023-09-26T13:48:23","guid":{"rendered":"https:\/\/www.camping-eskualduna.fr\/servicios\/"},"modified":"2025-05-13T10:35:44","modified_gmt":"2025-05-13T08:35:44","slug":"servicios","status":"publish","type":"page","link":"https:\/\/www.camping-eskualduna.fr\/es\/servicios\/","title":{"rendered":"Servicios"},"content":{"rendered":"\n<div class=\"wp-block-cover alignfull is-light\"><span aria-hidden=\"true\" class=\"wp-block-cover__gradient-background has-background-dim\"><\/span><img width=\"2048\" height=\"1364\" class=\"wp-block-cover__image-background wp-image-1477\" alt=\"\" src=\"https:\/\/www.camping-eskualduna.fr\/wp-content\/uploads\/2023\/05\/accueil.webp\" data-object-fit=\"cover\" srcset=\"https:\/\/www.camping-eskualduna.fr\/wp-content\/uploads\/2023\/05\/accueil.webp 2048w, https:\/\/www.camping-eskualduna.fr\/wp-content\/uploads\/2023\/05\/accueil-300x200.webp 300w, https:\/\/www.camping-eskualduna.fr\/wp-content\/uploads\/2023\/05\/accueil-1024x682.webp 1024w, https:\/\/www.camping-eskualduna.fr\/wp-content\/uploads\/2023\/05\/accueil-768x512.webp 768w, https:\/\/www.camping-eskualduna.fr\/wp-content\/uploads\/2023\/05\/accueil-1536x1023.webp 1536w\" sizes=\"(max-width: 2048px) 100vw, 2048px\" \/><div class=\"wp-block-cover__inner-container\">\n<h1 class=\"has-text-align-center\" id=\"les-services-4-etoiles-de-notre-camping-a-hendaye\">Servicios 4 estrellas en nuestro camping de Hendaya<\/h1>\n<\/div><\/div>\n\n\n\n<div class=\"wp-container-69d1b109b98dc wp-block-group\"><div class=\"wp-block-group__inner-container\">\n<p class=\"has-text-align-center h2\"><em>Disfrute de sus vacaciones<\/em> en un camping 4 estrellas en el Pa\u00eds Vasco<\/p>\n\n\n\n<p>Durante su pr\u00f3xima estancia en  <strong>acampar en Hendaya<\/strong>, disfrutar  <strong>Servicios de 4 estrellas<\/strong> para ayudarle a organizar sus <a href=\"https:\/\/www.camping-eskualduna.fr\/es\/descubra-el-pais-vasco\/\" data-type=\"URL\" data-id=\"https:\/\/www.camping-eskualduna.fr\/decouvrir-le-pays-basque\/\">vacaciones en el Pa\u00eds<\/a> Vasco. Puede contar con nuestro servicio de <strong>restaurante<\/strong>, recepci\u00f3n, <strong>parque de autocaravanas<\/strong>, instalaciones y una ubicaci\u00f3n ideal con acceso directo a la <strong>lanzadera de la playa<\/strong>.<\/p>\n\n\n\n<div class=\"wp-container-69d1b109b95db wp-block-buttons\">\n<div class=\"wp-block-button btn_resa\"><a class=\"wp-block-button__link\">Reserve ahora<\/a><\/div>\n\n\n\n<div class=\"wp-block-button\"><a class=\"wp-block-button__link\" href=\"https:\/\/www.camping-eskualduna.fr\/es\/alquileres\/\">Ver casas m\u00f3viles y chal\u00e9s<\/a><\/div>\n<\/div>\n<\/div><\/div>\n\n\n\n<div class=\"wp-block-columns alignfull masquer has-vert-fonce-background-color has-background\">\n<div class=\"wp-block-column\">\n<p class=\"titre\">Disfrute de una comida<\/p>\n\n\n\n<h2 id=\"restaurant-du-camping\">en el Restaurante del camping<\/h2>\n\n\n\n<p>Nuestro <strong>Restaurante &#8211; Pizzer\u00eda<\/strong> est\u00e1 abierto todos los mediod\u00edas y noches de temporada. Velada de mejillones y patatas fritas, paella gigante, ensaladas, postres para gourmets&#8230; Encontrar\u00e1 todo lo necesario para una comida inolvidable en el Restaurante del Camping Eskualduna de <a href=\"https:\/\/www.camping-eskualduna.fr\/es\/alentours\/hendaye\/\" data-type=\"alentours\">Hendaya<\/a>.<\/p>\n\n\n\n<p>Nuestro Restaurante abre los fines de semana del 1\u1d49\u02b3 de mayo al 1\u1d49\u02b3 de julio, y todos los d\u00edas del 1\u1d49\u02b3 de julio al 15 de septiembre.<\/p>\n\n\n\n<p>Haga clic aqu\u00ed para ver la <a href=\"https:\/\/www.camping-eskualduna.fr\/wp-content\/uploads\/2024\/05\/Menu-A4-ete-2024.pdf\" data-type=\"URL\" data-id=\"https:\/\/www.camping-eskualduna.fr\/wp-content\/uploads\/2024\/05\/Menu-A4-ete-2024.pdf\" target=\"_blank\" rel=\"noreferrer noopener\">carta del restaurante<\/a> <em>On Egin<\/em> (\u00abbuen provecho\u00bb en euskera).<\/p>\n\n\n\n<ul class=\"pictos col-3\"><li><i class=\"fal fa-pizza\"><\/i>  Pizzer\u00eda<\/li><li><i class=\"fal fa-croissant\"><\/i>  Desayuno<\/li><li><i class=\"fal fa-utensils\"><\/i>  En el acto o para llevar<\/li><\/ul>\n<\/div>\n\n\n\n<div class=\"wp-block-column\">\n<figure class=\"wp-block-gallery has-nested-images columns-default is-cropped diaporama--3\">\n<figure class=\"wp-block-image size-large\"><img width=\"1024\" height=\"768\" src=\"https:\/\/www.camping-eskualduna.fr\/wp-content\/uploads\/2023\/05\/restaurant1-1024x768-1.jpg\" alt=\"\" class=\"wp-image-1450\" srcset=\"https:\/\/www.camping-eskualduna.fr\/wp-content\/uploads\/2023\/05\/restaurant1-1024x768-1.jpg 1024w, https:\/\/www.camping-eskualduna.fr\/wp-content\/uploads\/2023\/05\/restaurant1-1024x768-1-300x225.jpg 300w, https:\/\/www.camping-eskualduna.fr\/wp-content\/uploads\/2023\/05\/restaurant1-1024x768-1-768x576.jpg 768w\" sizes=\"(max-width: 1024px) 100vw, 1024px\" \/><\/figure>\n\n\n\n<figure class=\"wp-block-image size-large\"><img width=\"1024\" height=\"768\" src=\"https:\/\/www.camping-eskualduna.fr\/wp-content\/uploads\/2023\/05\/restaurant2-1024x768-1.jpg\" alt=\"\" class=\"wp-image-1456\" srcset=\"https:\/\/www.camping-eskualduna.fr\/wp-content\/uploads\/2023\/05\/restaurant2-1024x768-1.jpg 1024w, https:\/\/www.camping-eskualduna.fr\/wp-content\/uploads\/2023\/05\/restaurant2-1024x768-1-300x225.jpg 300w, https:\/\/www.camping-eskualduna.fr\/wp-content\/uploads\/2023\/05\/restaurant2-1024x768-1-768x576.jpg 768w\" sizes=\"(max-width: 1024px) 100vw, 1024px\" \/><\/figure>\n\n\n\n<figure class=\"wp-block-image size-large\"><img width=\"1024\" height=\"768\" src=\"https:\/\/www.camping-eskualduna.fr\/wp-content\/uploads\/2023\/05\/restaurant3-1024x768-1.jpg\" alt=\"\" class=\"wp-image-1453\" srcset=\"https:\/\/www.camping-eskualduna.fr\/wp-content\/uploads\/2023\/05\/restaurant3-1024x768-1.jpg 1024w, https:\/\/www.camping-eskualduna.fr\/wp-content\/uploads\/2023\/05\/restaurant3-1024x768-1-300x225.jpg 300w, https:\/\/www.camping-eskualduna.fr\/wp-content\/uploads\/2023\/05\/restaurant3-1024x768-1-768x576.jpg 768w\" sizes=\"(max-width: 1024px) 100vw, 1024px\" \/><\/figure>\n\n\n\n<figure class=\"wp-block-image size-large\"><img width=\"1024\" height=\"768\" src=\"https:\/\/www.camping-eskualduna.fr\/wp-content\/uploads\/2023\/05\/restaurant4-1024x768-1.jpg\" alt=\"\" class=\"wp-image-1462\" srcset=\"https:\/\/www.camping-eskualduna.fr\/wp-content\/uploads\/2023\/05\/restaurant4-1024x768-1.jpg 1024w, https:\/\/www.camping-eskualduna.fr\/wp-content\/uploads\/2023\/05\/restaurant4-1024x768-1-300x225.jpg 300w, https:\/\/www.camping-eskualduna.fr\/wp-content\/uploads\/2023\/05\/restaurant4-1024x768-1-768x576.jpg 768w\" sizes=\"(max-width: 1024px) 100vw, 1024px\" \/><\/figure>\n\n\n\n<figure class=\"wp-block-image size-large\"><img width=\"1024\" height=\"683\" src=\"https:\/\/www.camping-eskualduna.fr\/wp-content\/uploads\/2023\/05\/restaurant5-1024x683-1.jpg\" alt=\"\" class=\"wp-image-1465\" srcset=\"https:\/\/www.camping-eskualduna.fr\/wp-content\/uploads\/2023\/05\/restaurant5-1024x683-1.jpg 1024w, https:\/\/www.camping-eskualduna.fr\/wp-content\/uploads\/2023\/05\/restaurant5-1024x683-1-300x200.jpg 300w, https:\/\/www.camping-eskualduna.fr\/wp-content\/uploads\/2023\/05\/restaurant5-1024x683-1-768x512.jpg 768w\" sizes=\"(max-width: 1024px) 100vw, 1024px\" \/><\/figure>\n\n\n\n<figure class=\"wp-block-image size-large\"><img width=\"1024\" height=\"768\" src=\"https:\/\/www.camping-eskualduna.fr\/wp-content\/uploads\/2023\/05\/restaurant6-1024x768-1.jpg\" alt=\"\" class=\"wp-image-1458\" srcset=\"https:\/\/www.camping-eskualduna.fr\/wp-content\/uploads\/2023\/05\/restaurant6-1024x768-1.jpg 1024w, https:\/\/www.camping-eskualduna.fr\/wp-content\/uploads\/2023\/05\/restaurant6-1024x768-1-300x225.jpg 300w, https:\/\/www.camping-eskualduna.fr\/wp-content\/uploads\/2023\/05\/restaurant6-1024x768-1-768x576.jpg 768w\" sizes=\"(max-width: 1024px) 100vw, 1024px\" \/><\/figure>\n<\/figure>\n<\/div>\n<\/div>\n\n\n\n<div class=\"wp-block-columns alignfull masquer\">\n<div class=\"wp-block-column\">\n<h2 id=\"alimentation\">Alimentaci\u00f3n<\/h2>\n\n\n\n<p>Nuestra tienda de alimentaci\u00f3n est\u00e1 abierta todos los d\u00edas de la temporada. Encontrar\u00e1s todo lo necesario para alimentarte y cubrir tus necesidades b\u00e1sicas. Pan y boller\u00eda reci\u00e9n horneados. En nuestro camping de Hendaya tambi\u00e9n encontrar\u00e1 prensa.<\/p>\n\n\n\n<p>Durante la temporada baja, nuestro restaurante abre ocasionalmente (consulte los detalles).<\/p>\n<\/div>\n\n\n\n<div class=\"wp-block-column\" style=\"flex-basis:40%\">\n<figure class=\"wp-block-gallery has-nested-images columns-default is-cropped diaporama--1\">\n<figure class=\"wp-block-image size-large\"><img width=\"900\" height=\"714\" src=\"https:\/\/www.camping-eskualduna.fr\/wp-content\/uploads\/2023\/05\/epicerie1.jpg\" alt=\"\" class=\"wp-image-1480\" srcset=\"https:\/\/www.camping-eskualduna.fr\/wp-content\/uploads\/2023\/05\/epicerie1.jpg 900w, https:\/\/www.camping-eskualduna.fr\/wp-content\/uploads\/2023\/05\/epicerie1-300x238.jpg 300w, https:\/\/www.camping-eskualduna.fr\/wp-content\/uploads\/2023\/05\/epicerie1-768x609.jpg 768w\" sizes=\"(max-width: 900px) 100vw, 900px\" \/><\/figure>\n\n\n\n<figure class=\"wp-block-image size-large\"><img width=\"900\" height=\"793\" src=\"https:\/\/www.camping-eskualduna.fr\/wp-content\/uploads\/2023\/05\/epicerie2.jpg\" alt=\"\" class=\"wp-image-1483\" srcset=\"https:\/\/www.camping-eskualduna.fr\/wp-content\/uploads\/2023\/05\/epicerie2.jpg 900w, https:\/\/www.camping-eskualduna.fr\/wp-content\/uploads\/2023\/05\/epicerie2-300x264.jpg 300w, https:\/\/www.camping-eskualduna.fr\/wp-content\/uploads\/2023\/05\/epicerie2-768x677.jpg 768w\" sizes=\"(max-width: 900px) 100vw, 900px\" \/><\/figure>\n\n\n\n<figure class=\"wp-block-image size-large\"><img width=\"900\" height=\"789\" src=\"https:\/\/www.camping-eskualduna.fr\/wp-content\/uploads\/2023\/05\/epicerie3.jpg\" alt=\"\" class=\"wp-image-1486\" srcset=\"https:\/\/www.camping-eskualduna.fr\/wp-content\/uploads\/2023\/05\/epicerie3.jpg 900w, https:\/\/www.camping-eskualduna.fr\/wp-content\/uploads\/2023\/05\/epicerie3-300x263.jpg 300w, https:\/\/www.camping-eskualduna.fr\/wp-content\/uploads\/2023\/05\/epicerie3-768x673.jpg 768w\" sizes=\"(max-width: 900px) 100vw, 900px\" \/><\/figure>\n\n\n\n<figure class=\"wp-block-image size-large\"><img width=\"900\" height=\"761\" src=\"https:\/\/www.camping-eskualduna.fr\/wp-content\/uploads\/2023\/05\/epicerie4.jpg\" alt=\"\" class=\"wp-image-1492\" srcset=\"https:\/\/www.camping-eskualduna.fr\/wp-content\/uploads\/2023\/05\/epicerie4.jpg 900w, https:\/\/www.camping-eskualduna.fr\/wp-content\/uploads\/2023\/05\/epicerie4-300x254.jpg 300w, https:\/\/www.camping-eskualduna.fr\/wp-content\/uploads\/2023\/05\/epicerie4-768x649.jpg 768w\" sizes=\"(max-width: 900px) 100vw, 900px\" \/><\/figure>\n\n\n\n<figure class=\"wp-block-image size-large\"><img width=\"900\" height=\"701\" src=\"https:\/\/www.camping-eskualduna.fr\/wp-content\/uploads\/2023\/05\/epicerie5.jpg\" alt=\"\" class=\"wp-image-1489\" srcset=\"https:\/\/www.camping-eskualduna.fr\/wp-content\/uploads\/2023\/05\/epicerie5.jpg 900w, https:\/\/www.camping-eskualduna.fr\/wp-content\/uploads\/2023\/05\/epicerie5-300x234.jpg 300w, https:\/\/www.camping-eskualduna.fr\/wp-content\/uploads\/2023\/05\/epicerie5-768x598.jpg 768w\" sizes=\"(max-width: 900px) 100vw, 900px\" \/><\/figure>\n<\/figure>\n<\/div>\n<\/div>\n\n\n\n<div class=\"wp-block-columns alignfull reverse-mob has-fond-background-color has-background\">\n<div class=\"wp-block-column\" style=\"flex-basis:40%\">\n<figure class=\"wp-block-gallery has-nested-images columns-default is-cropped diaporama--1\">\n<figure class=\"wp-block-image size-large\"><img width=\"713\" height=\"605\" src=\"https:\/\/www.camping-eskualduna.fr\/wp-content\/uploads\/2023\/05\/accueil2.jpg\" alt=\"\" class=\"wp-image-1474\" srcset=\"https:\/\/www.camping-eskualduna.fr\/wp-content\/uploads\/2023\/05\/accueil2.jpg 713w, https:\/\/www.camping-eskualduna.fr\/wp-content\/uploads\/2023\/05\/accueil2-300x255.jpg 300w\" sizes=\"(max-width: 713px) 100vw, 713px\" \/><\/figure>\n\n\n\n<figure class=\"wp-block-image size-large\"><img width=\"713\" height=\"605\" src=\"https:\/\/www.camping-eskualduna.fr\/wp-content\/uploads\/2023\/05\/accueil3.jpg\" alt=\"\" class=\"wp-image-1468\" srcset=\"https:\/\/www.camping-eskualduna.fr\/wp-content\/uploads\/2023\/05\/accueil3.jpg 713w, https:\/\/www.camping-eskualduna.fr\/wp-content\/uploads\/2023\/05\/accueil3-300x255.jpg 300w\" sizes=\"(max-width: 713px) 100vw, 713px\" \/><\/figure>\n\n\n\n<figure class=\"wp-block-image size-large\"><img width=\"713\" height=\"605\" src=\"https:\/\/www.camping-eskualduna.fr\/wp-content\/uploads\/2023\/05\/accueil4.jpg\" alt=\"\" class=\"wp-image-1471\" srcset=\"https:\/\/www.camping-eskualduna.fr\/wp-content\/uploads\/2023\/05\/accueil4.jpg 713w, https:\/\/www.camping-eskualduna.fr\/wp-content\/uploads\/2023\/05\/accueil4-300x255.jpg 300w\" sizes=\"(max-width: 713px) 100vw, 713px\" \/><\/figure>\n<\/figure>\n<\/div>\n\n\n\n<div class=\"wp-block-column\">\n<h2 id=\"point-information\"><em>Punto de<\/em> informaci\u00f3n<\/h2>\n\n\n\n<p>Nuestro servicio de recepci\u00f3n le informar\u00e1 sobre los lugares de inter\u00e9s y los eventos que no debe perderse en nuestra tranquila y din\u00e1mica regi\u00f3n.<\/p>\n\n\n\n<p>Horario de apertura :<\/p>\n\n\n<div itemprop=\"openingHoursSpecification\">Abierto de 9.00 a 12.30 h. y de 14.00 a 17.30 h.<\/div>\n<\/div>\n<\/div>\n\n\n\n<div class=\"wp-block-columns alignfull masquer has-vert-fonce-background-color has-background\">\n<div class=\"wp-block-column is-vertically-aligned-center\">\n<p class=\"has-text-align-center h2\"><em>Otros servicios<\/em> disponibles<\/p>\n\n\n\n<ul class=\"pictos liste\"><li><i class=\"fal fa-refrigerator\"><\/i>  Alquiler de frigor\u00edficos<\/li><li><i class=\"fal fa-washing-machine\"><\/i>  Lavadora y secadora<\/li><li><i class=\"fal fa-wifi\"><\/i>  Wifi gratuito<\/li><li><i class=\"fal fa-bus\"><\/i>  Transporte a la playa<\/li><li><i class=\"fal fa-universal-access\"><\/i>  Equipamiento PMR<\/li><\/ul>\n\n\n\n<div class=\"wp-container-69d1b109ba157 wp-block-buttons\">\n<div class=\"wp-block-button btn_resa\"><a class=\"wp-block-button__link\">Reserve ahora<\/a><\/div>\n\n\n\n<div class=\"wp-block-button is-style-outline\"><a class=\"wp-block-button__link\" href=\"https:\/\/www.camping-eskualduna.fr\/es\/fotos-videos\/?galerie=services\">Ver fotos<\/a><\/div>\n<\/div>\n<\/div>\n\n\n\n<div class=\"wp-block-column is-vertically-aligned-center\" style=\"flex-basis:56%\">\n<div class=\"wp-block-group lire-plus-mobile\"><div class=\"wp-block-group__inner-container\">\n<p>M\u00e1s informaci\u00f3n<\/p>\n\n\n\n<div class=\"wp-container-69d1b109ba50f wp-block-group\"><div class=\"wp-block-group__inner-container\">\n<figure class=\"wp-block-gallery has-nested-images columns-4 is-cropped gal--ligne diaporama--2\">\n<figure class=\"wp-block-image size-large gal-points\"><img width=\"713\" height=\"605\" src=\"https:\/\/www.camping-eskualduna.fr\/wp-content\/uploads\/2023\/05\/campingcar1.jpg\" alt=\"\" class=\"wp-image-1495\" srcset=\"https:\/\/www.camping-eskualduna.fr\/wp-content\/uploads\/2023\/05\/campingcar1.jpg 713w, https:\/\/www.camping-eskualduna.fr\/wp-content\/uploads\/2023\/05\/campingcar1-300x255.jpg 300w\" sizes=\"(max-width: 713px) 100vw, 713px\" \/><figcaption><i class=\"fal fa-rv\"><\/i>  Autocaravana<br><em>Los veraneantes que vengan a disfrutar de unas vacaciones de camping en Hendaya podr\u00e1n beneficiarse de una zona de servicios Euro Relais. Paquete Stop Accueil (temporada baja).<\/em><\/figcaption><\/figure>\n\n\n\n<figure class=\"wp-block-image size-large\"><img width=\"999\" height=\"666\" src=\"https:\/\/www.camping-eskualduna.fr\/wp-content\/uploads\/2023\/05\/img_8002_web.jpg\" alt=\"\" class=\"wp-image-1504\" srcset=\"https:\/\/www.camping-eskualduna.fr\/wp-content\/uploads\/2023\/05\/img_8002_web.jpg 999w, https:\/\/www.camping-eskualduna.fr\/wp-content\/uploads\/2023\/05\/img_8002_web-300x200.jpg 300w, https:\/\/www.camping-eskualduna.fr\/wp-content\/uploads\/2023\/05\/img_8002_web-768x512.jpg 768w\" sizes=\"(max-width: 999px) 100vw, 999px\" \/><figcaption><i class=\"fal fa-bus\"><\/i>  Autob\u00fas lanzadera gratuito<br><em><strong>Lanzadera de playa gratuita a la entrada del<\/strong> camping (julio y agosto) para unas vacaciones sin coche en Hendaya.<br>Servicio regular de autob\u00fas a la playa de Hendaya desde la entrada del camping durante todo el a\u00f1o.<\/em><\/figcaption><\/figure>\n\n\n\n<figure class=\"wp-block-image size-large\"><img width=\"999\" height=\"666\" src=\"https:\/\/www.camping-eskualduna.fr\/wp-content\/uploads\/2023\/05\/wcpmr.jpg\" alt=\"\" class=\"wp-image-1498\" srcset=\"https:\/\/www.camping-eskualduna.fr\/wp-content\/uploads\/2023\/05\/wcpmr.jpg 999w, https:\/\/www.camping-eskualduna.fr\/wp-content\/uploads\/2023\/05\/wcpmr-300x200.jpg 300w, https:\/\/www.camping-eskualduna.fr\/wp-content\/uploads\/2023\/05\/wcpmr-768x512.jpg 768w\" sizes=\"(max-width: 999px) 100vw, 999px\" \/><figcaption><i class=\"fal fa-universal-access\"><\/i>  Equipamiento PMR<br><em>Nuestro <strong>camping de la costa vasca<\/strong> dispone de instalaciones sanitarias especialmente adaptadas para personas con movilidad reducida.<\/em><\/figcaption><\/figure>\n\n\n\n<figure class=\"wp-block-image size-large\"><img width=\"600\" height=\"400\" src=\"https:\/\/www.camping-eskualduna.fr\/wp-content\/uploads\/2023\/05\/sanitaires2-600x400-1.jpg\" alt=\"\" class=\"wp-image-1500\" srcset=\"https:\/\/www.camping-eskualduna.fr\/wp-content\/uploads\/2023\/05\/sanitaires2-600x400-1.jpg 600w, https:\/\/www.camping-eskualduna.fr\/wp-content\/uploads\/2023\/05\/sanitaires2-600x400-1-300x200.jpg 300w\" sizes=\"(max-width: 600px) 100vw, 600px\" \/><figcaption><i class=\"fal fa-toilet\"><\/i>  Sanitarios<br><em>Hay varias instalaciones sanitarias abiertas d\u00eda y noche, como WC, duchas con agua caliente, lavabos en las caba\u00f1as y lavabos compartidos (con agua caliente). Caba\u00f1as con ba\u00f1era para beb\u00e9s, WC para ni\u00f1os (con decoraci\u00f3n pirata).<br>Lavander\u00eda y fregadero con conexi\u00f3n de agua caliente. Lavadoras y secadoras.<\/em><\/figcaption><\/figure>\n<\/figure>\n<\/div><\/div>\n<\/div><\/div>\n<\/div>\n<\/div>\n","protected":false},"excerpt":{"rendered":"<p>Disfrute de sus vacaciones en un camping 4 estrellas en el Pa\u00eds Vasco Durante su pr\u00f3xima estancia en acampar en Hendaya, disfrutar Servicios de 4 estrellas para ayudarle a organizar sus vacaciones en el Pa\u00eds Vasco. Puede contar con nuestro servicio de restaurante, recepci\u00f3n, parque de autocaravanas, instalaciones y una ubicaci\u00f3n ideal con acceso directo [&hellip;]<\/p>\n","protected":false},"author":1,"featured_media":1479,"parent":0,"menu_order":0,"comment_status":"closed","ping_status":"closed","template":"","meta":[],"acf":[],"_links":{"self":[{"href":"https:\/\/www.camping-eskualduna.fr\/es\/wp-json\/wp\/v2\/pages\/2270"}],"collection":[{"href":"https:\/\/www.camping-eskualduna.fr\/es\/wp-json\/wp\/v2\/pages"}],"about":[{"href":"https:\/\/www.camping-eskualduna.fr\/es\/wp-json\/wp\/v2\/types\/page"}],"author":[{"embeddable":true,"href":"https:\/\/www.camping-eskualduna.fr\/es\/wp-json\/wp\/v2\/users\/1"}],"replies":[{"embeddable":true,"href":"https:\/\/www.camping-eskualduna.fr\/es\/wp-json\/wp\/v2\/comments?post=2270"}],"version-history":[{"count":6,"href":"https:\/\/www.camping-eskualduna.fr\/es\/wp-json\/wp\/v2\/pages\/2270\/revisions"}],"predecessor-version":[{"id":4466,"href":"https:\/\/www.camping-eskualduna.fr\/es\/wp-json\/wp\/v2\/pages\/2270\/revisions\/4466"}],"wp:featuredmedia":[{"embeddable":true,"href":"https:\/\/www.camping-eskualduna.fr\/es\/wp-json\/wp\/v2\/media\/1479"}],"wp:attachment":[{"href":"https:\/\/www.camping-eskualduna.fr\/es\/wp-json\/wp\/v2\/media?parent=2270"}],"curies":[{"name":"wp","href":"https:\/\/api.w.org\/{rel}","templated":true}]}}